{"id":6323,"date":"2022-11-24T13:12:31","date_gmt":"2022-11-24T13:12:31","guid":{"rendered":"https:\/\/kpidigital.com\/business-intelligence\/"},"modified":"2025-02-10T06:18:53","modified_gmt":"2025-02-10T10:18:53","slug":"intelligence-daffaires","status":"publish","type":"page","link":"https:\/\/kpidigital.com\/fr\/intelligence-daffaires\/","title":{"rendered":"Intelligence d&rsquo;affaires"},"content":{"rendered":"","protected":false},"excerpt":{"rendered":"","protected":false},"author":1,"featured_media":0,"parent":0,"menu_order":0,"comment_status":"closed","ping_status":"closed","template":"what-we-do-template.php","meta":{"inline_featured_image":false,"footnotes":""},"class_list":["post-6323","page","type-page","status-publish","hentry"],"acf":[],"yoast_head":"<!-- This site is optimized with the Yoast SEO plugin v27.0 - https:\/\/yoast.com\/product\/yoast-seo-wordpress\/ -->\n<title>Solutions de conseil BI | Automatisation des processus m\u00e9tier - KPI Digital<\/title>\n<meta name=\"description\" content=\"KPI Digital Solutions fournit des services de business intelligence de bout en bout qui vous aident \u00e0 lib\u00e9rer tout le potentiel de vos donn\u00e9es. Connectez-vous d\u00e8s aujourd\u2019hui avec nos experts pour des solutions de conseil BI.\" \/>\n<meta name=\"robots\" content=\"index, follow, max-snippet:-1, max-image-preview:large, max-video-preview:-1\" \/>\n<link rel=\"canonical\" href=\"https:\/\/kpidigital.com\/fr\/intelligence-daffaires\/\" \/>\n<meta property=\"og:locale\" content=\"fr_FR\" \/>\n<meta property=\"og:type\" content=\"article\" \/>\n<meta property=\"og:title\" content=\"Solutions de conseil BI | Automatisation des processus m\u00e9tier - KPI Digital\" \/>\n<meta property=\"og:description\" content=\"KPI Digital Solutions fournit des services de business intelligence de bout en bout qui vous aident \u00e0 lib\u00e9rer tout le potentiel de vos donn\u00e9es. Connectez-vous d\u00e8s aujourd\u2019hui avec nos experts pour des solutions de conseil BI.\" \/>\n<meta property=\"og:url\" content=\"https:\/\/kpidigital.com\/fr\/intelligence-daffaires\/\" \/>\n<meta property=\"og:site_name\" content=\"KPI Digital\" \/>\n<meta property=\"article:publisher\" content=\"https:\/\/www.facebook.com\/KPIDigitalSolutions\/\" \/>\n<meta property=\"article:modified_time\" content=\"2025-02-10T10:18:53+00:00\" \/>\n<meta property=\"og:image\" content=\"https:\/\/kpidigital.com\/wp-content\/uploads\/2024\/09\/KPI-Digital-Solutions.jpg\" \/>\n\t<meta property=\"og:image:width\" content=\"200\" \/>\n\t<meta property=\"og:image:height\" content=\"200\" \/>\n\t<meta property=\"og:image:type\" content=\"image\/jpeg\" \/>\n<meta name=\"twitter:card\" content=\"summary_large_image\" \/>\n<script type=\"application\/ld+json\" class=\"yoast-schema-graph\">{\"@context\":\"https:\/\/schema.org\",\"@graph\":[{\"@type\":\"WebPage\",\"@id\":\"https:\/\/kpidigital.com\/fr\/intelligence-daffaires\/\",\"url\":\"https:\/\/kpidigital.com\/fr\/intelligence-daffaires\/\",\"name\":\"Solutions de conseil BI | Automatisation des processus m\u00e9tier - KPI Digital\",\"isPartOf\":{\"@id\":\"https:\/\/kpidigital.com\/fr\/#website\"},\"datePublished\":\"2022-11-24T13:12:31+00:00\",\"dateModified\":\"2025-02-10T10:18:53+00:00\",\"description\":\"KPI Digital Solutions fournit des services de business intelligence de bout en bout qui vous aident \u00e0 lib\u00e9rer tout le potentiel de vos donn\u00e9es. Connectez-vous d\u00e8s aujourd\u2019hui avec nos experts pour des solutions de conseil BI.\",\"breadcrumb\":{\"@id\":\"https:\/\/kpidigital.com\/fr\/intelligence-daffaires\/#breadcrumb\"},\"inLanguage\":\"fr-FR\",\"potentialAction\":[{\"@type\":\"ReadAction\",\"target\":[\"https:\/\/kpidigital.com\/fr\/intelligence-daffaires\/\"]}]},{\"@type\":\"BreadcrumbList\",\"@id\":\"https:\/\/kpidigital.com\/fr\/intelligence-daffaires\/#breadcrumb\",\"itemListElement\":[{\"@type\":\"ListItem\",\"position\":1,\"name\":\"Home\",\"item\":\"https:\/\/kpidigital.com\/fr\/\"},{\"@type\":\"ListItem\",\"position\":2,\"name\":\"Intelligence d&#8217;affaires\"}]},{\"@type\":\"WebSite\",\"@id\":\"https:\/\/kpidigital.com\/fr\/#website\",\"url\":\"https:\/\/kpidigital.com\/fr\/\",\"name\":\"KPI Digital\",\"description\":\"Analytics &amp; AI |Digital Transformation| Performance Management| KPI Digital\",\"publisher\":{\"@id\":\"https:\/\/kpidigital.com\/fr\/#organization\"},\"potentialAction\":[{\"@type\":\"SearchAction\",\"target\":{\"@type\":\"EntryPoint\",\"urlTemplate\":\"https:\/\/kpidigital.com\/fr\/?s={search_term_string}\"},\"query-input\":{\"@type\":\"PropertyValueSpecification\",\"valueRequired\":true,\"valueName\":\"search_term_string\"}}],\"inLanguage\":\"fr-FR\"},{\"@type\":\"Organization\",\"@id\":\"https:\/\/kpidigital.com\/fr\/#organization\",\"name\":\"KPI Digital\",\"url\":\"https:\/\/kpidigital.com\/fr\/\",\"logo\":{\"@type\":\"ImageObject\",\"inLanguage\":\"fr-FR\",\"@id\":\"https:\/\/kpidigital.com\/fr\/#\/schema\/logo\/image\/\",\"url\":\"https:\/\/kpidigital.com\/wp-content\/uploads\/2023\/01\/KPIDigital-Favicon.svg\",\"contentUrl\":\"https:\/\/kpidigital.com\/wp-content\/uploads\/2023\/01\/KPIDigital-Favicon.svg\",\"width\":100,\"height\":100,\"caption\":\"KPI Digital\"},\"image\":{\"@id\":\"https:\/\/kpidigital.com\/fr\/#\/schema\/logo\/image\/\"},\"sameAs\":[\"https:\/\/www.facebook.com\/KPIDigitalSolutions\/\",\"https:\/\/www.linkedin.com\/company\/11162106\/admin\/\",\"https:\/\/www.instagram.com\/kpidigitalsolutions\/\",\"https:\/\/www.youtube.com\/channel\/UCAql8EIq1cYg0T_eWzz_qlg\"]}]}<\/script>\n<!-- \/ Yoast SEO plugin. -->","yoast_head_json":{"title":"Solutions de conseil BI | Automatisation des processus m\u00e9tier - KPI Digital","description":"KPI Digital Solutions fournit des services de business intelligence de bout en bout qui vous aident \u00e0 lib\u00e9rer tout le potentiel de vos donn\u00e9es. Connectez-vous d\u00e8s aujourd\u2019hui avec nos experts pour des solutions de conseil BI.","robots":{"index":"index","follow":"follow","max-snippet":"max-snippet:-1","max-image-preview":"max-image-preview:large","max-video-preview":"max-video-preview:-1"},"canonical":"https:\/\/kpidigital.com\/fr\/intelligence-daffaires\/","og_locale":"fr_FR","og_type":"article","og_title":"Solutions de conseil BI | Automatisation des processus m\u00e9tier - KPI Digital","og_description":"KPI Digital Solutions fournit des services de business intelligence de bout en bout qui vous aident \u00e0 lib\u00e9rer tout le potentiel de vos donn\u00e9es. Connectez-vous d\u00e8s aujourd\u2019hui avec nos experts pour des solutions de conseil BI.","og_url":"https:\/\/kpidigital.com\/fr\/intelligence-daffaires\/","og_site_name":"KPI Digital","article_publisher":"https:\/\/www.facebook.com\/KPIDigitalSolutions\/","article_modified_time":"2025-02-10T10:18:53+00:00","og_image":[{"width":200,"height":200,"url":"https:\/\/kpidigital.com\/wp-content\/uploads\/2024\/09\/KPI-Digital-Solutions.jpg","type":"image\/jpeg"}],"twitter_card":"summary_large_image","schema":{"@context":"https:\/\/schema.org","@graph":[{"@type":"WebPage","@id":"https:\/\/kpidigital.com\/fr\/intelligence-daffaires\/","url":"https:\/\/kpidigital.com\/fr\/intelligence-daffaires\/","name":"Solutions de conseil BI | Automatisation des processus m\u00e9tier - KPI Digital","isPartOf":{"@id":"https:\/\/kpidigital.com\/fr\/#website"},"datePublished":"2022-11-24T13:12:31+00:00","dateModified":"2025-02-10T10:18:53+00:00","description":"KPI Digital Solutions fournit des services de business intelligence de bout en bout qui vous aident \u00e0 lib\u00e9rer tout le potentiel de vos donn\u00e9es. Connectez-vous d\u00e8s aujourd\u2019hui avec nos experts pour des solutions de conseil BI.","breadcrumb":{"@id":"https:\/\/kpidigital.com\/fr\/intelligence-daffaires\/#breadcrumb"},"inLanguage":"fr-FR","potentialAction":[{"@type":"ReadAction","target":["https:\/\/kpidigital.com\/fr\/intelligence-daffaires\/"]}]},{"@type":"BreadcrumbList","@id":"https:\/\/kpidigital.com\/fr\/intelligence-daffaires\/#breadcrumb","itemListElement":[{"@type":"ListItem","position":1,"name":"Home","item":"https:\/\/kpidigital.com\/fr\/"},{"@type":"ListItem","position":2,"name":"Intelligence d&#8217;affaires"}]},{"@type":"WebSite","@id":"https:\/\/kpidigital.com\/fr\/#website","url":"https:\/\/kpidigital.com\/fr\/","name":"KPI Digital","description":"Analytics &amp; AI |Digital Transformation| Performance Management| KPI Digital","publisher":{"@id":"https:\/\/kpidigital.com\/fr\/#organization"},"potentialAction":[{"@type":"SearchAction","target":{"@type":"EntryPoint","urlTemplate":"https:\/\/kpidigital.com\/fr\/?s={search_term_string}"},"query-input":{"@type":"PropertyValueSpecification","valueRequired":true,"valueName":"search_term_string"}}],"inLanguage":"fr-FR"},{"@type":"Organization","@id":"https:\/\/kpidigital.com\/fr\/#organization","name":"KPI Digital","url":"https:\/\/kpidigital.com\/fr\/","logo":{"@type":"ImageObject","inLanguage":"fr-FR","@id":"https:\/\/kpidigital.com\/fr\/#\/schema\/logo\/image\/","url":"https:\/\/kpidigital.com\/wp-content\/uploads\/2023\/01\/KPIDigital-Favicon.svg","contentUrl":"https:\/\/kpidigital.com\/wp-content\/uploads\/2023\/01\/KPIDigital-Favicon.svg","width":100,"height":100,"caption":"KPI Digital"},"image":{"@id":"https:\/\/kpidigital.com\/fr\/#\/schema\/logo\/image\/"},"sameAs":["https:\/\/www.facebook.com\/KPIDigitalSolutions\/","https:\/\/www.linkedin.com\/company\/11162106\/admin\/","https:\/\/www.instagram.com\/kpidigitalsolutions\/","https:\/\/www.youtube.com\/channel\/UCAql8EIq1cYg0T_eWzz_qlg"]}]}},"_links":{"self":[{"href":"https:\/\/kpidigital.com\/fr\/wp-json\/wp\/v2\/pages\/6323","targetHints":{"allow":["GET"]}}],"collection":[{"href":"https:\/\/kpidigital.com\/fr\/wp-json\/wp\/v2\/pages"}],"about":[{"href":"https:\/\/kpidigital.com\/fr\/wp-json\/wp\/v2\/types\/page"}],"author":[{"embeddable":true,"href":"https:\/\/kpidigital.com\/fr\/wp-json\/wp\/v2\/users\/1"}],"replies":[{"embeddable":true,"href":"https:\/\/kpidigital.com\/fr\/wp-json\/wp\/v2\/comments?post=6323"}],"version-history":[{"count":0,"href":"https:\/\/kpidigital.com\/fr\/wp-json\/wp\/v2\/pages\/6323\/revisions"}],"wp:attachment":[{"href":"https:\/\/kpidigital.com\/fr\/wp-json\/wp\/v2\/media?parent=6323"}],"curies":[{"name":"wp","href":"https:\/\/api.w.org\/{rel}","templated":true}]}}