{"id":6318,"date":"2023-01-05T05:20:36","date_gmt":"2023-01-05T05:20:36","guid":{"rendered":"https:\/\/kpidigital.com\/planning-analytics\/"},"modified":"2024-11-20T06:40:41","modified_gmt":"2024-11-20T10:40:41","slug":"planification-analytique","status":"publish","type":"page","link":"https:\/\/kpidigital.com\/fr\/planification-analytique\/","title":{"rendered":"Planification analytique"},"content":{"rendered":"","protected":false},"excerpt":{"rendered":"","protected":false},"author":1,"featured_media":0,"parent":0,"menu_order":0,"comment_status":"closed","ping_status":"closed","template":"what-we-do-template.php","meta":{"inline_featured_image":false,"footnotes":""},"class_list":["post-6318","page","type-page","status-publish","hentry"],"acf":[],"yoast_head":"<!-- This site is optimized with the Yoast SEO plugin v27.0 - https:\/\/yoast.com\/product\/yoast-seo-wordpress\/ -->\n<title>Solutions de gestion des performances d&#039;entreprise - KPI Digital<\/title>\n<meta name=\"description\" content=\"Optimisez les performances de votre entreprise gr\u00e2ce \u00e0 nos solutions combin\u00e9es d&#039;analyse de planification et de conseil en gestion des performances d&#039;entreprise. Nos experts proposent des solutions sur mesure pour vous aider \u00e0 planifier, budg\u00e9tiser, pr\u00e9voir et analyser vos donn\u00e9es. Connectez-vous avec nous d\u00e8s aujourd&#039;hui !\" \/>\n<meta name=\"robots\" content=\"index, follow, max-snippet:-1, max-image-preview:large, max-video-preview:-1\" \/>\n<link rel=\"canonical\" href=\"https:\/\/kpidigital.com\/fr\/planification-analytique\/\" \/>\n<meta property=\"og:locale\" content=\"fr_FR\" \/>\n<meta property=\"og:type\" content=\"article\" \/>\n<meta property=\"og:title\" content=\"Solutions de gestion des performances d&#039;entreprise - KPI Digital\" \/>\n<meta property=\"og:description\" content=\"Optimisez les performances de votre entreprise gr\u00e2ce \u00e0 nos solutions combin\u00e9es d&#039;analyse de planification et de conseil en gestion des performances d&#039;entreprise. Nos experts proposent des solutions sur mesure pour vous aider \u00e0 planifier, budg\u00e9tiser, pr\u00e9voir et analyser vos donn\u00e9es. Connectez-vous avec nous d\u00e8s aujourd&#039;hui !\" \/>\n<meta property=\"og:url\" content=\"https:\/\/kpidigital.com\/fr\/planification-analytique\/\" \/>\n<meta property=\"og:site_name\" content=\"KPI Digital\" \/>\n<meta property=\"article:publisher\" content=\"https:\/\/www.facebook.com\/KPIDigitalSolutions\/\" \/>\n<meta property=\"article:modified_time\" content=\"2024-11-20T10:40:41+00:00\" \/>\n<meta property=\"og:image\" content=\"https:\/\/kpidigital.com\/wp-content\/uploads\/2024\/09\/KPI-Digital-Solutions.jpg\" \/>\n\t<meta property=\"og:image:width\" content=\"200\" \/>\n\t<meta property=\"og:image:height\" content=\"200\" \/>\n\t<meta property=\"og:image:type\" content=\"image\/jpeg\" \/>\n<meta name=\"twitter:card\" content=\"summary_large_image\" \/>\n<script type=\"application\/ld+json\" class=\"yoast-schema-graph\">{\"@context\":\"https:\/\/schema.org\",\"@graph\":[{\"@type\":\"WebPage\",\"@id\":\"https:\/\/kpidigital.com\/fr\/planification-analytique\/\",\"url\":\"https:\/\/kpidigital.com\/fr\/planification-analytique\/\",\"name\":\"Solutions de gestion des performances d'entreprise - KPI Digital\",\"isPartOf\":{\"@id\":\"https:\/\/kpidigital.com\/fr\/#website\"},\"datePublished\":\"2023-01-05T05:20:36+00:00\",\"dateModified\":\"2024-11-20T10:40:41+00:00\",\"description\":\"Optimisez les performances de votre entreprise gr\u00e2ce \u00e0 nos solutions combin\u00e9es d'analyse de planification et de conseil en gestion des performances d'entreprise. Nos experts proposent des solutions sur mesure pour vous aider \u00e0 planifier, budg\u00e9tiser, pr\u00e9voir et analyser vos donn\u00e9es. Connectez-vous avec nous d\u00e8s aujourd'hui !\",\"breadcrumb\":{\"@id\":\"https:\/\/kpidigital.com\/fr\/planification-analytique\/#breadcrumb\"},\"inLanguage\":\"fr-FR\",\"potentialAction\":[{\"@type\":\"ReadAction\",\"target\":[\"https:\/\/kpidigital.com\/fr\/planification-analytique\/\"]}]},{\"@type\":\"BreadcrumbList\",\"@id\":\"https:\/\/kpidigital.com\/fr\/planification-analytique\/#breadcrumb\",\"itemListElement\":[{\"@type\":\"ListItem\",\"position\":1,\"name\":\"Home\",\"item\":\"https:\/\/kpidigital.com\/fr\/\"},{\"@type\":\"ListItem\",\"position\":2,\"name\":\"Planification analytique\"}]},{\"@type\":\"WebSite\",\"@id\":\"https:\/\/kpidigital.com\/fr\/#website\",\"url\":\"https:\/\/kpidigital.com\/fr\/\",\"name\":\"KPI Digital\",\"description\":\"Analytics &amp; AI |Digital Transformation| Performance Management| KPI Digital\",\"publisher\":{\"@id\":\"https:\/\/kpidigital.com\/fr\/#organization\"},\"potentialAction\":[{\"@type\":\"SearchAction\",\"target\":{\"@type\":\"EntryPoint\",\"urlTemplate\":\"https:\/\/kpidigital.com\/fr\/?s={search_term_string}\"},\"query-input\":{\"@type\":\"PropertyValueSpecification\",\"valueRequired\":true,\"valueName\":\"search_term_string\"}}],\"inLanguage\":\"fr-FR\"},{\"@type\":\"Organization\",\"@id\":\"https:\/\/kpidigital.com\/fr\/#organization\",\"name\":\"KPI Digital\",\"url\":\"https:\/\/kpidigital.com\/fr\/\",\"logo\":{\"@type\":\"ImageObject\",\"inLanguage\":\"fr-FR\",\"@id\":\"https:\/\/kpidigital.com\/fr\/#\/schema\/logo\/image\/\",\"url\":\"https:\/\/kpidigital.com\/wp-content\/uploads\/2023\/01\/KPIDigital-Favicon.svg\",\"contentUrl\":\"https:\/\/kpidigital.com\/wp-content\/uploads\/2023\/01\/KPIDigital-Favicon.svg\",\"width\":100,\"height\":100,\"caption\":\"KPI Digital\"},\"image\":{\"@id\":\"https:\/\/kpidigital.com\/fr\/#\/schema\/logo\/image\/\"},\"sameAs\":[\"https:\/\/www.facebook.com\/KPIDigitalSolutions\/\",\"https:\/\/www.linkedin.com\/company\/11162106\/admin\/\",\"https:\/\/www.instagram.com\/kpidigitalsolutions\/\",\"https:\/\/www.youtube.com\/channel\/UCAql8EIq1cYg0T_eWzz_qlg\"]}]}<\/script>\n<!-- \/ Yoast SEO plugin. -->","yoast_head_json":{"title":"Solutions de gestion des performances d'entreprise - KPI Digital","description":"Optimisez les performances de votre entreprise gr\u00e2ce \u00e0 nos solutions combin\u00e9es d'analyse de planification et de conseil en gestion des performances d'entreprise. Nos experts proposent des solutions sur mesure pour vous aider \u00e0 planifier, budg\u00e9tiser, pr\u00e9voir et analyser vos donn\u00e9es. Connectez-vous avec nous d\u00e8s aujourd'hui !","robots":{"index":"index","follow":"follow","max-snippet":"max-snippet:-1","max-image-preview":"max-image-preview:large","max-video-preview":"max-video-preview:-1"},"canonical":"https:\/\/kpidigital.com\/fr\/planification-analytique\/","og_locale":"fr_FR","og_type":"article","og_title":"Solutions de gestion des performances d'entreprise - KPI Digital","og_description":"Optimisez les performances de votre entreprise gr\u00e2ce \u00e0 nos solutions combin\u00e9es d'analyse de planification et de conseil en gestion des performances d'entreprise. Nos experts proposent des solutions sur mesure pour vous aider \u00e0 planifier, budg\u00e9tiser, pr\u00e9voir et analyser vos donn\u00e9es. Connectez-vous avec nous d\u00e8s aujourd'hui !","og_url":"https:\/\/kpidigital.com\/fr\/planification-analytique\/","og_site_name":"KPI Digital","article_publisher":"https:\/\/www.facebook.com\/KPIDigitalSolutions\/","article_modified_time":"2024-11-20T10:40:41+00:00","og_image":[{"width":200,"height":200,"url":"https:\/\/kpidigital.com\/wp-content\/uploads\/2024\/09\/KPI-Digital-Solutions.jpg","type":"image\/jpeg"}],"twitter_card":"summary_large_image","schema":{"@context":"https:\/\/schema.org","@graph":[{"@type":"WebPage","@id":"https:\/\/kpidigital.com\/fr\/planification-analytique\/","url":"https:\/\/kpidigital.com\/fr\/planification-analytique\/","name":"Solutions de gestion des performances d'entreprise - KPI Digital","isPartOf":{"@id":"https:\/\/kpidigital.com\/fr\/#website"},"datePublished":"2023-01-05T05:20:36+00:00","dateModified":"2024-11-20T10:40:41+00:00","description":"Optimisez les performances de votre entreprise gr\u00e2ce \u00e0 nos solutions combin\u00e9es d'analyse de planification et de conseil en gestion des performances d'entreprise. Nos experts proposent des solutions sur mesure pour vous aider \u00e0 planifier, budg\u00e9tiser, pr\u00e9voir et analyser vos donn\u00e9es. Connectez-vous avec nous d\u00e8s aujourd'hui !","breadcrumb":{"@id":"https:\/\/kpidigital.com\/fr\/planification-analytique\/#breadcrumb"},"inLanguage":"fr-FR","potentialAction":[{"@type":"ReadAction","target":["https:\/\/kpidigital.com\/fr\/planification-analytique\/"]}]},{"@type":"BreadcrumbList","@id":"https:\/\/kpidigital.com\/fr\/planification-analytique\/#breadcrumb","itemListElement":[{"@type":"ListItem","position":1,"name":"Home","item":"https:\/\/kpidigital.com\/fr\/"},{"@type":"ListItem","position":2,"name":"Planification analytique"}]},{"@type":"WebSite","@id":"https:\/\/kpidigital.com\/fr\/#website","url":"https:\/\/kpidigital.com\/fr\/","name":"KPI Digital","description":"Analytics &amp; AI |Digital Transformation| Performance Management| KPI Digital","publisher":{"@id":"https:\/\/kpidigital.com\/fr\/#organization"},"potentialAction":[{"@type":"SearchAction","target":{"@type":"EntryPoint","urlTemplate":"https:\/\/kpidigital.com\/fr\/?s={search_term_string}"},"query-input":{"@type":"PropertyValueSpecification","valueRequired":true,"valueName":"search_term_string"}}],"inLanguage":"fr-FR"},{"@type":"Organization","@id":"https:\/\/kpidigital.com\/fr\/#organization","name":"KPI Digital","url":"https:\/\/kpidigital.com\/fr\/","logo":{"@type":"ImageObject","inLanguage":"fr-FR","@id":"https:\/\/kpidigital.com\/fr\/#\/schema\/logo\/image\/","url":"https:\/\/kpidigital.com\/wp-content\/uploads\/2023\/01\/KPIDigital-Favicon.svg","contentUrl":"https:\/\/kpidigital.com\/wp-content\/uploads\/2023\/01\/KPIDigital-Favicon.svg","width":100,"height":100,"caption":"KPI Digital"},"image":{"@id":"https:\/\/kpidigital.com\/fr\/#\/schema\/logo\/image\/"},"sameAs":["https:\/\/www.facebook.com\/KPIDigitalSolutions\/","https:\/\/www.linkedin.com\/company\/11162106\/admin\/","https:\/\/www.instagram.com\/kpidigitalsolutions\/","https:\/\/www.youtube.com\/channel\/UCAql8EIq1cYg0T_eWzz_qlg"]}]}},"_links":{"self":[{"href":"https:\/\/kpidigital.com\/fr\/wp-json\/wp\/v2\/pages\/6318","targetHints":{"allow":["GET"]}}],"collection":[{"href":"https:\/\/kpidigital.com\/fr\/wp-json\/wp\/v2\/pages"}],"about":[{"href":"https:\/\/kpidigital.com\/fr\/wp-json\/wp\/v2\/types\/page"}],"author":[{"embeddable":true,"href":"https:\/\/kpidigital.com\/fr\/wp-json\/wp\/v2\/users\/1"}],"replies":[{"embeddable":true,"href":"https:\/\/kpidigital.com\/fr\/wp-json\/wp\/v2\/comments?post=6318"}],"version-history":[{"count":0,"href":"https:\/\/kpidigital.com\/fr\/wp-json\/wp\/v2\/pages\/6318\/revisions"}],"wp:attachment":[{"href":"https:\/\/kpidigital.com\/fr\/wp-json\/wp\/v2\/media?parent=6318"}],"curies":[{"name":"wp","href":"https:\/\/api.w.org\/{rel}","templated":true}]}}