{"id":13423,"date":"2025-08-08T01:10:42","date_gmt":"2025-08-08T05:10:42","guid":{"rendered":"https:\/\/kpidigital.com\/unlock-your-free-pass-to-all-in-2025\/"},"modified":"2025-08-08T01:43:26","modified_gmt":"2025-08-08T05:43:26","slug":"obtenez-votre-laisser-passer-gratuit-pour-all-in-2025","status":"publish","type":"page","link":"https:\/\/kpidigital.com\/fr\/obtenez-votre-laisser-passer-gratuit-pour-all-in-2025\/","title":{"rendered":"Obtenez votre laisser-passer gratuit pour ALL IN 2025 !"},"content":{"rendered":"\t\t<div data-elementor-type=\"wp-page\" data-elementor-id=\"13423\" class=\"elementor elementor-13423 elementor-13402\" data-elementor-post-type=\"page\">\n\t\t\t\t<div class=\"elementor-element elementor-element-5ce62b6 e-con-full e-flex e-con e-parent\" data-id=\"5ce62b6\" data-element_type=\"container\" data-e-type=\"container\" data-settings=\"{&quot;background_background&quot;:&quot;classic&quot;}\">\n\t\t<div class=\"elementor-element elementor-element-7a86302 e-con-full e-flex e-con e-child\" data-id=\"7a86302\" data-element_type=\"container\" data-e-type=\"container\">\n\t\t<div class=\"elementor-element elementor-element-58eed80 e-con-full elementor-hidden-desktop e-flex e-con e-child\" data-id=\"58eed80\" data-element_type=\"container\" data-e-type=\"container\">\n\t\t<div class=\"elementor-element elementor-element-2d43b6f e-con-full e-flex e-con e-child\" data-id=\"2d43b6f\" data-element_type=\"container\" data-e-type=\"container\">\n\t\t\t\t<div class=\"elementor-element elementor-element-6a675a3 elementor-countdown--label-block elementor-widget elementor-widget-countdown\" data-id=\"6a675a3\" data-element_type=\"widget\" data-e-type=\"widget\" data-widget_type=\"countdown.default\">\n\t\t\t\t<div class=\"elementor-widget-container\">\n\t\t\t\t\t\t\t<div class=\"elementor-countdown-wrapper\" data-date=\"1726056000\">\n\t\t\t<div class=\"elementor-countdown-item\"><span class=\"elementor-countdown-digits elementor-countdown-days\"><\/span> <span class=\"elementor-countdown-label\">Jours<\/span><\/div><div class=\"elementor-countdown-item\"><span class=\"elementor-countdown-digits elementor-countdown-hours\"><\/span> <span class=\"elementor-countdown-label\">Heures<\/span><\/div><div class=\"elementor-countdown-item\"><span class=\"elementor-countdown-digits elementor-countdown-minutes\"><\/span> <span class=\"elementor-countdown-label\">Minutes<\/span><\/div><div class=\"elementor-countdown-item\"><span class=\"elementor-countdown-digits elementor-countdown-seconds\"><\/span> <span class=\"elementor-countdown-label\">Secondes<\/span><\/div>\t\t<\/div>\n\t\t\t\t\t\t<\/div>\n\t\t\t\t<\/div>\n\t\t\t\t<\/div>\n\t\t\t\t<\/div>\n\t\t<div class=\"elementor-element elementor-element-54e6a42 e-con-full e-flex e-con e-child\" data-id=\"54e6a42\" data-element_type=\"container\" data-e-type=\"container\">\n\t\t<div class=\"elementor-element elementor-element-d99343c e-con-full e-flex e-con e-child\" data-id=\"d99343c\" data-element_type=\"container\" data-e-type=\"container\">\n\t\t\t\t<div class=\"elementor-element elementor-element-523e838 elementor-countdown--label-block elementor-widget elementor-widget-countdown\" data-id=\"523e838\" data-element_type=\"widget\" data-e-type=\"widget\" data-widget_type=\"countdown.default\">\n\t\t\t\t<div class=\"elementor-widget-container\">\n\t\t\t\t\t\t\t<div class=\"elementor-countdown-wrapper\" data-date=\"1758715200\">\n\t\t\t<div class=\"elementor-countdown-item\"><span class=\"elementor-countdown-digits elementor-countdown-days\"><\/span> <span class=\"elementor-countdown-label\">Jours<\/span><\/div><div class=\"elementor-countdown-item\"><span class=\"elementor-countdown-digits elementor-countdown-hours\"><\/span> <span class=\"elementor-countdown-label\">Heures<\/span><\/div><div class=\"elementor-countdown-item\"><span class=\"elementor-countdown-digits elementor-countdown-minutes\"><\/span> <span class=\"elementor-countdown-label\">Minutes<\/span><\/div><div class=\"elementor-countdown-item\"><span class=\"elementor-countdown-digits elementor-countdown-seconds\"><\/span> <span class=\"elementor-countdown-label\">Secondes<\/span><\/div>\t\t<\/div>\n\t\t\t\t\t\t<\/div>\n\t\t\t\t<\/div>\n\t\t\t\t<\/div>\n\t\t\t\t<\/div>\n\t\t<div class=\"elementor-element elementor-element-e22046e e-con-full e-flex e-con e-child\" data-id=\"e22046e\" data-element_type=\"container\" data-e-type=\"container\">\n\t\t<div class=\"elementor-element elementor-element-d45984f e-con-full e-flex e-con e-child\" data-id=\"d45984f\" data-element_type=\"container\" data-e-type=\"container\">\n\t\t\t\t<div class=\"elementor-element elementor-element-436c847 elementor-widget__width-initial elementor-widget-tablet__width-inherit elementor-widget elementor-widget-heading\" data-id=\"436c847\" data-element_type=\"widget\" data-e-type=\"widget\" data-widget_type=\"heading.default\">\n\t\t\t\t<div class=\"elementor-widget-container\">\n\t\t\t\t\t<h1 class=\"elementor-heading-title elementor-size-default\">Obtenez votre laisser-passer gratuit pour ALL IN 2025 !<\/h1>\t\t\t\t<\/div>\n\t\t\t\t<\/div>\n\t\t\t\t<div class=\"elementor-element elementor-element-283a8b8 elementor-icon-list--layout-inline elementor-tablet-align-center responsive-div elementor-mobile-align-start elementor-list-item-link-full_width elementor-widget elementor-widget-icon-list\" data-id=\"283a8b8\" data-element_type=\"widget\" data-e-type=\"widget\" data-widget_type=\"icon-list.default\">\n\t\t\t\t<div class=\"elementor-widget-container\">\n\t\t\t\t\t\t\t<ul class=\"elementor-icon-list-items elementor-inline-items\">\n\t\t\t\t\t\t\t<li class=\"elementor-icon-list-item elementor-inline-item\">\n\t\t\t\t\t\t\t\t\t\t\t<span class=\"elementor-icon-list-icon\">\n\t\t\t\t\t\t\t<svg aria-hidden=\"true\" class=\"e-font-icon-svg e-far-calendar\" viewBox=\"0 0 448 512\" xmlns=\"http:\/\/www.w3.org\/2000\/svg\"><path d=\"M400 64h-48V12c0-6.6-5.4-12-12-12h-40c-6.6 0-12 5.4-12 12v52H160V12c0-6.6-5.4-12-12-12h-40c-6.6 0-12 5.4-12 12v52H48C21.5 64 0 85.5 0 112v352c0 26.5 21.5 48 48 48h352c26.5 0 48-21.5 48-48V112c0-26.5-21.5-48-48-48zm-6 400H54c-3.3 0-6-2.7-6-6V160h352v298c0 3.3-2.7 6-6 6z\"><\/path><\/svg>\t\t\t\t\t\t<\/span>\n\t\t\t\t\t\t\t\t\t\t<span class=\"elementor-icon-list-text\">24-25 septembre 2025<\/span>\n\t\t\t\t\t\t\t\t\t<\/li>\n\t\t\t\t\t\t\t\t<li class=\"elementor-icon-list-item elementor-inline-item\">\n\t\t\t\t\t\t\t\t\t\t\t<span class=\"elementor-icon-list-icon\">\n\t\t\t\t\t\t\t<svg aria-hidden=\"true\" class=\"e-font-icon-svg e-fas-map-marker-alt\" viewBox=\"0 0 384 512\" xmlns=\"http:\/\/www.w3.org\/2000\/svg\"><path d=\"M172.268 501.67C26.97 291.031 0 269.413 0 192 0 85.961 85.961 0 192 0s192 85.961 192 192c0 77.413-26.97 99.031-172.268 309.67-9.535 13.774-29.93 13.773-39.464 0zM192 272c44.183 0 80-35.817 80-80s-35.817-80-80-80-80 35.817-80 80 35.817 80 80 80z\"><\/path><\/svg>\t\t\t\t\t\t<\/span>\n\t\t\t\t\t\t\t\t\t\t<span class=\"elementor-icon-list-text\">Palais de Congr\u00e8s de Montr\u00e9al<\/span>\n\t\t\t\t\t\t\t\t\t<\/li>\n\t\t\t\t\t\t<\/ul>\n\t\t\t\t\t\t<\/div>\n\t\t\t\t<\/div>\n\t\t\t\t<div class=\"elementor-element elementor-element-aaadb98 elementor-widget elementor-widget-heading\" data-id=\"aaadb98\" data-element_type=\"widget\" data-e-type=\"widget\" data-widget_type=\"heading.default\">\n\t\t\t\t<div class=\"elementor-widget-container\">\n\t\t\t\t\t<span class=\"elementor-heading-title elementor-size-default\">Nous offrons des laisser-passer gratuit pour ALL IN 2025 ! Voici comment obtenir le v\u00f4tre :<\/span>\t\t\t\t<\/div>\n\t\t\t\t<\/div>\n\t\t\t\t<div class=\"elementor-element elementor-element-7df3e5f elementor-widget elementor-widget-text-editor\" data-id=\"7df3e5f\" data-element_type=\"widget\" data-e-type=\"widget\" data-widget_type=\"text-editor.default\">\n\t\t\t\t<div class=\"elementor-widget-container\">\n\t\t\t\t\t\t\t\t\t<ol style=\"padding-left: 20px; font-size: 18px;\">\n \t<li>Fixez un rendez-vous de 15 minutes avec notre \u00e9quipe, qui aura lieu pendant l\u2019\u00e9v\u00e9nement, le 24 ou le 25 septembre.<\/li>\n \t<li>Une fois votre rendez-vous confirm\u00e9, nous vous enverrons votre code de remboursement ainsi qu\u2019un lien pour vous inscrire.<\/li>\n<\/ol>\t\t\t\t\t\t\t\t<\/div>\n\t\t\t\t<\/div>\n\t\t\t\t<div class=\"elementor-element elementor-element-62c26d6 elementor-widget elementor-widget-text-editor\" data-id=\"62c26d6\" data-element_type=\"widget\" data-e-type=\"widget\" data-widget_type=\"text-editor.default\">\n\t\t\t\t<div class=\"elementor-widget-container\">\n\t\t\t\t\t\t\t\t\t<span style=\"font-size: 18px;\">Les billets ont une valeur de plus de 1200 $. D\u00e9p\u00eachez-vous, nous avons un nombre limit\u00e9 de passes \u00e0 offrir !<\/span> \t\t\t\t\t\t\t\t<\/div>\n\t\t\t\t<\/div>\n\t\t\t\t<div class=\"elementor-element elementor-element-eac943e elementor-widget elementor-widget-text-editor\" data-id=\"eac943e\" data-element_type=\"widget\" data-e-type=\"widget\" data-widget_type=\"text-editor.default\">\n\t\t\t\t<div class=\"elementor-widget-container\">\n\t\t\t\t\t\t\t\t\t<a style=\"color: inherit;\" href=\"https:\/\/allinevent.ai\/\"><strong><u>Explorez ALL IN 2025<\/u><\/strong><\/a>\t\t\t\t\t\t\t\t<\/div>\n\t\t\t\t<\/div>\n\t\t\t\t<div class=\"elementor-element elementor-element-3c9c736 elementor-widget elementor-widget-heading\" data-id=\"3c9c736\" data-element_type=\"widget\" data-e-type=\"widget\" data-widget_type=\"heading.default\">\n\t\t\t\t<div class=\"elementor-widget-container\">\n\t\t\t\t\t<span class=\"elementor-heading-title elementor-size-default\">Avertissement :<br \/>\nDes passes gratuits seront offerts uniquement aux personnes r\u00e9ellement int\u00e9ress\u00e9es par l'exploration d'opportunit\u00e9s commerciales avec KPI Digital et r\u00e9pondant \u00e0 nos crit\u00e8res de qualification. Nous nous r\u00e9servons le droit de v\u00e9rifier l'\u00e9ligibilit\u00e9 des participants avant de fournir le code de r\u00e9duction.<\/span>\t\t\t\t<\/div>\n\t\t\t\t<\/div>\n\t\t\t\t<\/div>\n\t\t<div class=\"elementor-element elementor-element-4d8a213 e-con-full e-flex e-con e-child\" data-id=\"4d8a213\" data-element_type=\"container\" data-e-type=\"container\">\n\t\t\t\t<div class=\"elementor-element elementor-element-7aee7c1 elementor-widget__width-inherit elementor-widget elementor-widget-html\" data-id=\"7aee7c1\" data-element_type=\"widget\" data-e-type=\"widget\" data-widget_type=\"html.default\">\n\t\t\t\t<div class=\"elementor-widget-container\">\n\t\t\t\t\t<!-- Calendly inline widget begin -->\n<div class=\"calendly-inline-widget\" data-url=\"https:\/\/calendly.com\/kpidigital\/15-min-avec-with-kpi-digital-all-in-2024-clone\" style=\"min-width:320px;height:700px;\"><\/div>\n<script type=\"text\/javascript\" src=\"https:\/\/assets.calendly.com\/assets\/external\/widget.js\" async><\/script>\n<!-- Calendly inline widget end -->\t\t\t\t<\/div>\n\t\t\t\t<\/div>\n\t\t\t\t<\/div>\n\t\t\t\t<\/div>\n\t\t\t\t<\/div>\n\t\t\t\t<\/div>\n\t\t\t\t<\/div>\n\t\t","protected":false},"excerpt":{"rendered":"<p>Days Hours Minutes Seconds Days Hours Minutes Seconds Obtenez votre laisser-passer gratuit pour ALL IN 2025 ! 24-25 septembre 2025 Palais de Congr\u00e8s de Montr\u00e9al Nous offrons des laisser-passer gratuit pour ALL IN 2025 ! Voici comment obtenir le v\u00f4tre : Fixez un rendez-vous de 15 minutes avec notre \u00e9quipe, qui aura lieu pendant l\u2019\u00e9v\u00e9nement, [&hellip;]<\/p>\n","protected":false},"author":1,"featured_media":0,"parent":0,"menu_order":0,"comment_status":"closed","ping_status":"closed","template":"","meta":{"inline_featured_image":false,"footnotes":""},"class_list":["post-13423","page","type-page","status-publish","hentry"],"acf":[],"yoast_head":"<!-- This site is optimized with the Yoast SEO plugin v27.0 - https:\/\/yoast.com\/product\/yoast-seo-wordpress\/ -->\n<title>Obtenez votre laisser-passer gratuit pour ALL IN 2025 ! | KPI Digital<\/title>\n<meta name=\"robots\" content=\"index, follow, max-snippet:-1, max-image-preview:large, max-video-preview:-1\" \/>\n<link rel=\"canonical\" href=\"https:\/\/kpidigital.com\/fr\/obtenez-votre-laisser-passer-gratuit-pour-all-in-2025\/\" \/>\n<meta property=\"og:locale\" content=\"fr_FR\" \/>\n<meta property=\"og:type\" content=\"article\" \/>\n<meta property=\"og:title\" content=\"Obtenez votre laisser-passer gratuit pour ALL IN 2025 ! | KPI Digital\" \/>\n<meta property=\"og:description\" content=\"Days Hours Minutes Seconds Days Hours Minutes Seconds Obtenez votre laisser-passer gratuit pour ALL IN 2025 ! 24-25 septembre 2025 Palais de Congr\u00e8s de Montr\u00e9al Nous offrons des laisser-passer gratuit pour ALL IN 2025 ! Voici comment obtenir le v\u00f4tre : Fixez un rendez-vous de 15 minutes avec notre \u00e9quipe, qui aura lieu pendant l\u2019\u00e9v\u00e9nement, [&hellip;]\" \/>\n<meta property=\"og:url\" content=\"https:\/\/kpidigital.com\/fr\/obtenez-votre-laisser-passer-gratuit-pour-all-in-2025\/\" \/>\n<meta property=\"og:site_name\" content=\"KPI Digital\" \/>\n<meta property=\"article:publisher\" content=\"https:\/\/www.facebook.com\/KPIDigitalSolutions\/\" \/>\n<meta property=\"article:modified_time\" content=\"2025-08-08T05:43:26+00:00\" \/>\n<meta name=\"twitter:card\" content=\"summary_large_image\" \/>\n<meta name=\"twitter:label1\" content=\"Dur\u00e9e de lecture estim\u00e9e\" \/>\n\t<meta name=\"twitter:data1\" content=\"1 minute\" \/>\n<script type=\"application\/ld+json\" class=\"yoast-schema-graph\">{\"@context\":\"https:\/\/schema.org\",\"@graph\":[{\"@type\":\"WebPage\",\"@id\":\"https:\/\/kpidigital.com\/fr\/obtenez-votre-laisser-passer-gratuit-pour-all-in-2025\/\",\"url\":\"https:\/\/kpidigital.com\/fr\/obtenez-votre-laisser-passer-gratuit-pour-all-in-2025\/\",\"name\":\"Obtenez votre laisser-passer gratuit pour ALL IN 2025 ! | KPI Digital\",\"isPartOf\":{\"@id\":\"https:\/\/kpidigital.com\/fr\/#website\"},\"datePublished\":\"2025-08-08T05:10:42+00:00\",\"dateModified\":\"2025-08-08T05:43:26+00:00\",\"breadcrumb\":{\"@id\":\"https:\/\/kpidigital.com\/fr\/obtenez-votre-laisser-passer-gratuit-pour-all-in-2025\/#breadcrumb\"},\"inLanguage\":\"fr-FR\",\"potentialAction\":[{\"@type\":\"ReadAction\",\"target\":[\"https:\/\/kpidigital.com\/fr\/obtenez-votre-laisser-passer-gratuit-pour-all-in-2025\/\"]}]},{\"@type\":\"BreadcrumbList\",\"@id\":\"https:\/\/kpidigital.com\/fr\/obtenez-votre-laisser-passer-gratuit-pour-all-in-2025\/#breadcrumb\",\"itemListElement\":[{\"@type\":\"ListItem\",\"position\":1,\"name\":\"Home\",\"item\":\"https:\/\/kpidigital.com\/fr\/\"},{\"@type\":\"ListItem\",\"position\":2,\"name\":\"Obtenez votre laisser-passer gratuit pour ALL IN 2025 !\"}]},{\"@type\":\"WebSite\",\"@id\":\"https:\/\/kpidigital.com\/fr\/#website\",\"url\":\"https:\/\/kpidigital.com\/fr\/\",\"name\":\"KPI Digital\",\"description\":\"Analytics &amp; AI |Digital Transformation| Performance Management| KPI Digital\",\"publisher\":{\"@id\":\"https:\/\/kpidigital.com\/fr\/#organization\"},\"potentialAction\":[{\"@type\":\"SearchAction\",\"target\":{\"@type\":\"EntryPoint\",\"urlTemplate\":\"https:\/\/kpidigital.com\/fr\/?s={search_term_string}\"},\"query-input\":{\"@type\":\"PropertyValueSpecification\",\"valueRequired\":true,\"valueName\":\"search_term_string\"}}],\"inLanguage\":\"fr-FR\"},{\"@type\":\"Organization\",\"@id\":\"https:\/\/kpidigital.com\/fr\/#organization\",\"name\":\"KPI Digital\",\"url\":\"https:\/\/kpidigital.com\/fr\/\",\"logo\":{\"@type\":\"ImageObject\",\"inLanguage\":\"fr-FR\",\"@id\":\"https:\/\/kpidigital.com\/fr\/#\/schema\/logo\/image\/\",\"url\":\"https:\/\/kpidigital.com\/wp-content\/uploads\/2023\/01\/KPIDigital-Favicon.svg\",\"contentUrl\":\"https:\/\/kpidigital.com\/wp-content\/uploads\/2023\/01\/KPIDigital-Favicon.svg\",\"width\":100,\"height\":100,\"caption\":\"KPI Digital\"},\"image\":{\"@id\":\"https:\/\/kpidigital.com\/fr\/#\/schema\/logo\/image\/\"},\"sameAs\":[\"https:\/\/www.facebook.com\/KPIDigitalSolutions\/\",\"https:\/\/www.linkedin.com\/company\/11162106\/admin\/\",\"https:\/\/www.instagram.com\/kpidigitalsolutions\/\",\"https:\/\/www.youtube.com\/channel\/UCAql8EIq1cYg0T_eWzz_qlg\"]}]}<\/script>\n<!-- \/ Yoast SEO plugin. -->","yoast_head_json":{"title":"Obtenez votre laisser-passer gratuit pour ALL IN 2025 ! | KPI Digital","robots":{"index":"index","follow":"follow","max-snippet":"max-snippet:-1","max-image-preview":"max-image-preview:large","max-video-preview":"max-video-preview:-1"},"canonical":"https:\/\/kpidigital.com\/fr\/obtenez-votre-laisser-passer-gratuit-pour-all-in-2025\/","og_locale":"fr_FR","og_type":"article","og_title":"Obtenez votre laisser-passer gratuit pour ALL IN 2025 ! | KPI Digital","og_description":"Days Hours Minutes Seconds Days Hours Minutes Seconds Obtenez votre laisser-passer gratuit pour ALL IN 2025 ! 24-25 septembre 2025 Palais de Congr\u00e8s de Montr\u00e9al Nous offrons des laisser-passer gratuit pour ALL IN 2025 ! Voici comment obtenir le v\u00f4tre : Fixez un rendez-vous de 15 minutes avec notre \u00e9quipe, qui aura lieu pendant l\u2019\u00e9v\u00e9nement, [&hellip;]","og_url":"https:\/\/kpidigital.com\/fr\/obtenez-votre-laisser-passer-gratuit-pour-all-in-2025\/","og_site_name":"KPI Digital","article_publisher":"https:\/\/www.facebook.com\/KPIDigitalSolutions\/","article_modified_time":"2025-08-08T05:43:26+00:00","twitter_card":"summary_large_image","twitter_misc":{"Dur\u00e9e de lecture estim\u00e9e":"1 minute"},"schema":{"@context":"https:\/\/schema.org","@graph":[{"@type":"WebPage","@id":"https:\/\/kpidigital.com\/fr\/obtenez-votre-laisser-passer-gratuit-pour-all-in-2025\/","url":"https:\/\/kpidigital.com\/fr\/obtenez-votre-laisser-passer-gratuit-pour-all-in-2025\/","name":"Obtenez votre laisser-passer gratuit pour ALL IN 2025 ! | KPI Digital","isPartOf":{"@id":"https:\/\/kpidigital.com\/fr\/#website"},"datePublished":"2025-08-08T05:10:42+00:00","dateModified":"2025-08-08T05:43:26+00:00","breadcrumb":{"@id":"https:\/\/kpidigital.com\/fr\/obtenez-votre-laisser-passer-gratuit-pour-all-in-2025\/#breadcrumb"},"inLanguage":"fr-FR","potentialAction":[{"@type":"ReadAction","target":["https:\/\/kpidigital.com\/fr\/obtenez-votre-laisser-passer-gratuit-pour-all-in-2025\/"]}]},{"@type":"BreadcrumbList","@id":"https:\/\/kpidigital.com\/fr\/obtenez-votre-laisser-passer-gratuit-pour-all-in-2025\/#breadcrumb","itemListElement":[{"@type":"ListItem","position":1,"name":"Home","item":"https:\/\/kpidigital.com\/fr\/"},{"@type":"ListItem","position":2,"name":"Obtenez votre laisser-passer gratuit pour ALL IN 2025 !"}]},{"@type":"WebSite","@id":"https:\/\/kpidigital.com\/fr\/#website","url":"https:\/\/kpidigital.com\/fr\/","name":"KPI Digital","description":"Analytics &amp; AI |Digital Transformation| Performance Management| KPI Digital","publisher":{"@id":"https:\/\/kpidigital.com\/fr\/#organization"},"potentialAction":[{"@type":"SearchAction","target":{"@type":"EntryPoint","urlTemplate":"https:\/\/kpidigital.com\/fr\/?s={search_term_string}"},"query-input":{"@type":"PropertyValueSpecification","valueRequired":true,"valueName":"search_term_string"}}],"inLanguage":"fr-FR"},{"@type":"Organization","@id":"https:\/\/kpidigital.com\/fr\/#organization","name":"KPI Digital","url":"https:\/\/kpidigital.com\/fr\/","logo":{"@type":"ImageObject","inLanguage":"fr-FR","@id":"https:\/\/kpidigital.com\/fr\/#\/schema\/logo\/image\/","url":"https:\/\/kpidigital.com\/wp-content\/uploads\/2023\/01\/KPIDigital-Favicon.svg","contentUrl":"https:\/\/kpidigital.com\/wp-content\/uploads\/2023\/01\/KPIDigital-Favicon.svg","width":100,"height":100,"caption":"KPI Digital"},"image":{"@id":"https:\/\/kpidigital.com\/fr\/#\/schema\/logo\/image\/"},"sameAs":["https:\/\/www.facebook.com\/KPIDigitalSolutions\/","https:\/\/www.linkedin.com\/company\/11162106\/admin\/","https:\/\/www.instagram.com\/kpidigitalsolutions\/","https:\/\/www.youtube.com\/channel\/UCAql8EIq1cYg0T_eWzz_qlg"]}]}},"_links":{"self":[{"href":"https:\/\/kpidigital.com\/fr\/wp-json\/wp\/v2\/pages\/13423","targetHints":{"allow":["GET"]}}],"collection":[{"href":"https:\/\/kpidigital.com\/fr\/wp-json\/wp\/v2\/pages"}],"about":[{"href":"https:\/\/kpidigital.com\/fr\/wp-json\/wp\/v2\/types\/page"}],"author":[{"embeddable":true,"href":"https:\/\/kpidigital.com\/fr\/wp-json\/wp\/v2\/users\/1"}],"replies":[{"embeddable":true,"href":"https:\/\/kpidigital.com\/fr\/wp-json\/wp\/v2\/comments?post=13423"}],"version-history":[{"count":7,"href":"https:\/\/kpidigital.com\/fr\/wp-json\/wp\/v2\/pages\/13423\/revisions"}],"predecessor-version":[{"id":13436,"href":"https:\/\/kpidigital.com\/fr\/wp-json\/wp\/v2\/pages\/13423\/revisions\/13436"}],"wp:attachment":[{"href":"https:\/\/kpidigital.com\/fr\/wp-json\/wp\/v2\/media?parent=13423"}],"curies":[{"name":"wp","href":"https:\/\/api.w.org\/{rel}","templated":true}]}}