{"id":10590,"date":"2024-03-29T07:08:13","date_gmt":"2024-03-29T11:08:13","guid":{"rendered":"https:\/\/kpidigital.com\/?page_id=10590"},"modified":"2024-11-26T05:42:35","modified_gmt":"2024-11-26T09:42:35","slug":"connexion-2024","status":"publish","type":"page","link":"https:\/\/kpidigital.com\/fr\/connexion-2024\/","title":{"rendered":"Connexion 2024"},"content":{"rendered":"\t\t<div data-elementor-type=\"wp-page\" data-elementor-id=\"10590\" class=\"elementor elementor-10590 elementor-10583\" data-elementor-post-type=\"page\">\n\t\t\t\t\t\t<section class=\"elementor-section elementor-top-section elementor-element elementor-element-28fcfd5 elementor-section-boxed elementor-section-height-default elementor-section-height-default\" data-id=\"28fcfd5\" data-element_type=\"section\" data-e-type=\"section\" data-settings=\"{&quot;background_background&quot;:&quot;classic&quot;}\">\n\t\t\t\t\t\t<div class=\"elementor-container elementor-column-gap-default\">\n\t\t\t\t\t<div class=\"elementor-column elementor-col-100 elementor-top-column elementor-element elementor-element-05987ff\" data-id=\"05987ff\" data-element_type=\"column\" data-e-type=\"column\">\n\t\t\t<div class=\"elementor-widget-wrap elementor-element-populated\">\n\t\t\t\t\t\t<section class=\"elementor-section elementor-inner-section elementor-element elementor-element-1c89633 elementor-section-full_width elementor-hidden-tablet elementor-hidden-mobile elementor-section-height-default elementor-section-height-default\" data-id=\"1c89633\" data-element_type=\"section\" data-e-type=\"section\">\n\t\t\t\t\t\t<div class=\"elementor-container elementor-column-gap-default\">\n\t\t\t\t\t<div class=\"elementor-column elementor-col-50 elementor-inner-column elementor-element elementor-element-5e9a007\" data-id=\"5e9a007\" data-element_type=\"column\" data-e-type=\"column\">\n\t\t\t<div class=\"elementor-widget-wrap elementor-element-populated\">\n\t\t\t\t\t\t<div class=\"elementor-element elementor-element-d93c2c0 elementor-countdown--label-block elementor-widget elementor-widget-countdown\" data-id=\"d93c2c0\" data-element_type=\"widget\" data-e-type=\"widget\" data-widget_type=\"countdown.default\">\n\t\t\t\t<div class=\"elementor-widget-container\">\n\t\t\t\t\t\t\t<div class=\"elementor-countdown-wrapper\" data-date=\"1715256000\">\n\t\t\t<div class=\"elementor-countdown-item\"><span class=\"elementor-countdown-digits elementor-countdown-days\"><\/span> <span class=\"elementor-countdown-label\">Jours<\/span><\/div><div class=\"elementor-countdown-item\"><span class=\"elementor-countdown-digits elementor-countdown-hours\"><\/span> <span class=\"elementor-countdown-label\">Heures<\/span><\/div><div class=\"elementor-countdown-item\"><span class=\"elementor-countdown-digits elementor-countdown-minutes\"><\/span> <span class=\"elementor-countdown-label\">Minutes<\/span><\/div><div class=\"elementor-countdown-item\"><span class=\"elementor-countdown-digits elementor-countdown-seconds\"><\/span> <span class=\"elementor-countdown-label\">Secondes<\/span><\/div>\t\t<\/div>\n\t\t\t\t\t\t<\/div>\n\t\t\t\t<\/div>\n\t\t\t\t\t<\/div>\n\t\t<\/div>\n\t\t\t\t<div class=\"elementor-column elementor-col-50 elementor-inner-column elementor-element elementor-element-8fb902e\" data-id=\"8fb902e\" data-element_type=\"column\" data-e-type=\"column\">\n\t\t\t<div class=\"elementor-widget-wrap\">\n\t\t\t\t\t\t\t<\/div>\n\t\t<\/div>\n\t\t\t\t\t<\/div>\n\t\t<\/section>\n\t\t\t\t<section class=\"elementor-section elementor-inner-section elementor-element elementor-element-33f7ede elementor-section-full_width elementor-hidden-desktop elementor-section-height-default elementor-section-height-default\" data-id=\"33f7ede\" data-element_type=\"section\" data-e-type=\"section\">\n\t\t\t\t\t\t<div class=\"elementor-container elementor-column-gap-default\">\n\t\t\t\t\t<div class=\"elementor-column elementor-col-100 elementor-inner-column elementor-element elementor-element-446c945\" data-id=\"446c945\" data-element_type=\"column\" data-e-type=\"column\">\n\t\t\t<div class=\"elementor-widget-wrap elementor-element-populated\">\n\t\t\t\t\t\t<div class=\"elementor-element elementor-element-a14ac5a elementor-countdown--label-block elementor-widget elementor-widget-countdown\" data-id=\"a14ac5a\" data-element_type=\"widget\" data-e-type=\"widget\" data-widget_type=\"countdown.default\">\n\t\t\t\t<div class=\"elementor-widget-container\">\n\t\t\t\t\t\t\t<div class=\"elementor-countdown-wrapper\" data-date=\"1715256000\">\n\t\t\t<div class=\"elementor-countdown-item\"><span class=\"elementor-countdown-digits elementor-countdown-days\"><\/span> <span class=\"elementor-countdown-label\">Jours<\/span><\/div><div class=\"elementor-countdown-item\"><span class=\"elementor-countdown-digits elementor-countdown-hours\"><\/span> <span class=\"elementor-countdown-label\">Heures<\/span><\/div><div class=\"elementor-countdown-item\"><span class=\"elementor-countdown-digits elementor-countdown-minutes\"><\/span> <span class=\"elementor-countdown-label\">Minutes<\/span><\/div><div class=\"elementor-countdown-item\"><span class=\"elementor-countdown-digits elementor-countdown-seconds\"><\/span> <span class=\"elementor-countdown-label\">Secondes<\/span><\/div>\t\t<\/div>\n\t\t\t\t\t\t<\/div>\n\t\t\t\t<\/div>\n\t\t\t\t\t<\/div>\n\t\t<\/div>\n\t\t\t\t\t<\/div>\n\t\t<\/section>\n\t\t\t\t<section class=\"elementor-section elementor-inner-section elementor-element elementor-element-8209d4d elementor-section-boxed elementor-section-height-default elementor-section-height-default\" data-id=\"8209d4d\" data-element_type=\"section\" data-e-type=\"section\">\n\t\t\t\t\t\t<div class=\"elementor-container elementor-column-gap-wider\">\n\t\t\t\t\t<div class=\"elementor-column elementor-col-50 elementor-inner-column elementor-element elementor-element-413e289\" data-id=\"413e289\" data-element_type=\"column\" data-e-type=\"column\">\n\t\t\t<div class=\"elementor-widget-wrap elementor-element-populated\">\n\t\t\t\t\t\t<div class=\"elementor-element elementor-element-8bae1ed elementor-widget elementor-widget-heading\" data-id=\"8bae1ed\" data-element_type=\"widget\" data-e-type=\"widget\" data-widget_type=\"heading.default\">\n\t\t\t\t<div class=\"elementor-widget-container\">\n\t\t\t\t\t<h1 class=\"elementor-heading-title elementor-size-default\">REJOIGNEZ-NOUS \u00c0 <br \/>CONNEXION<span class=\"colored\"> 2024<\/span><\/h1>\t\t\t\t<\/div>\n\t\t\t\t<\/div>\n\t\t\t\t<div class=\"elementor-element elementor-element-93f7381 elementor-icon-list--layout-inline elementor-tablet-align-center responsive-div elementor-list-item-link-full_width elementor-widget elementor-widget-icon-list\" data-id=\"93f7381\" data-element_type=\"widget\" data-e-type=\"widget\" data-widget_type=\"icon-list.default\">\n\t\t\t\t<div class=\"elementor-widget-container\">\n\t\t\t\t\t\t\t<ul class=\"elementor-icon-list-items elementor-inline-items\">\n\t\t\t\t\t\t\t<li class=\"elementor-icon-list-item elementor-inline-item\">\n\t\t\t\t\t\t\t\t\t\t\t<span class=\"elementor-icon-list-icon\">\n\t\t\t\t\t\t\t<svg xmlns=\"http:\/\/www.w3.org\/2000\/svg\" xmlns:xlink=\"http:\/\/www.w3.org\/1999\/xlink\" id=\"Layer_1\" x=\"0px\" y=\"0px\" viewBox=\"0 0 361.58 367.23\" style=\"enable-background:new 0 0 361.58 367.23;\" xml:space=\"preserve\"><style type=\"text\/css\">\t.st0{fill:#00FFDE;}<\/style><path id=\"calendar\" class=\"st0\" d=\"M315.65,341.16H45.93c-14.82,0.06-26.89-11.89-26.98-26.71V74  c0.09-14.82,12.16-26.78,26.98-26.72h53.94V7.2h26.96v40.08h107.91V7.2h26.98v40.08h53.93c14.82-0.06,26.89,11.9,26.98,26.72v240.46  C342.54,329.27,330.47,341.22,315.65,341.16z M45.93,154.13v160.32h269.73V154.13H45.93z M45.93,73.99v53.44h269.73V74h-53.94v26.71  h-26.96V74H126.83v26.71H99.87V74L45.93,73.99z\"><\/path><\/svg>\t\t\t\t\t\t<\/span>\n\t\t\t\t\t\t\t\t\t\t<span class=\"elementor-icon-list-text\">9 mai 2024<\/span>\n\t\t\t\t\t\t\t\t\t<\/li>\n\t\t\t\t\t\t\t\t<li class=\"elementor-icon-list-item elementor-inline-item\">\n\t\t\t\t\t\t\t\t\t\t\t<span class=\"elementor-icon-list-icon\">\n\t\t\t\t\t\t\t<svg xmlns=\"http:\/\/www.w3.org\/2000\/svg\" xmlns:xlink=\"http:\/\/www.w3.org\/1999\/xlink\" id=\"Layer_1\" x=\"0px\" y=\"0px\" viewBox=\"0 0 361.58 367.23\" style=\"enable-background:new 0 0 361.58 367.23;\" xml:space=\"preserve\"><style type=\"text\/css\">\t.st0{clip-path:url(#SVGID_00000057831537364813773600000002790673251490497210_);}\t.st1{fill:#00FFDE;}<\/style><g>\t<defs>\t\t<rect id=\"SVGID_1_\" x=\"55.65\" y=\"16.92\" width=\"250.29\" height=\"333.4\"><\/rect>\t<\/defs>\t<clipPath id=\"SVGID_00000133508253758012669190000006693652495248029609_\">\t\t<use xlink:href=\"#SVGID_1_\" style=\"overflow:visible;\"><\/use>\t<\/clipPath>\t<g id=\"Group_11874\" style=\"clip-path:url(#SVGID_00000133508253758012669190000006693652495248029609_);\">\t\t<path id=\"Path_2982\" class=\"st1\" d=\"M172.33,16.92h16.93c5.98,0.94,12.04,1.53,17.93,2.86c66.91,15.03,109.66,80.63,96.38,147.91    c-4.74,23.41-13.15,45.92-24.91,66.7c-23.25,40.79-52.62,77.78-87.1,109.66c-2.6,2.23-5.33,4.31-8.17,6.22h-5.21    c-2.5-1.65-4.91-3.44-7.2-5.36c-24.8-23.06-47.16-48.62-66.7-76.28c-18.25-24.87-32.34-52.54-41.72-81.93    c-10.05-29.7-9.17-62,2.47-91.11c14.65-37.5,46.75-65.45,85.92-74.8C157.92,18.87,165.19,18.2,172.33,16.92 M250.24,144.01    c1.13-38.34-29.04-70.34-67.38-71.47s-70.34,29.04-71.47,67.38c-1.13,38.34,29.04,70.34,67.38,71.47c0.03,0,0.06,0,0.08,0    c38.26,0.97,70.14-29.13,71.37-67.38\"><\/path>\t<\/g><\/g><\/svg>\t\t\t\t\t\t<\/span>\n\t\t\t\t\t\t\t\t\t\t<span class=\"elementor-icon-list-text\">Palais de Congr\u00e8s de Montr\u00e9al<\/span>\n\t\t\t\t\t\t\t\t\t<\/li>\n\t\t\t\t\t\t<\/ul>\n\t\t\t\t\t\t<\/div>\n\t\t\t\t<\/div>\n\t\t\t\t<div class=\"elementor-element elementor-element-0c684b8 elementor-widget elementor-widget-text-editor\" data-id=\"0c684b8\" data-element_type=\"widget\" data-e-type=\"widget\" data-widget_type=\"text-editor.default\">\n\t\t\t\t<div class=\"elementor-widget-container\">\n\t\t\t\t\t\t\t\t\tNous offrons des laissez-passer gratuits pour le Salon Connexion<br>pour une dur\u00e9e limit\u00e9e ! \t\t\t\t\t\t\t\t<\/div>\n\t\t\t\t<\/div>\n\t\t\t\t<div class=\"elementor-element elementor-element-81a6966 elementor-widget elementor-widget-text-editor\" data-id=\"81a6966\" data-element_type=\"widget\" data-e-type=\"widget\" data-widget_type=\"text-editor.default\">\n\t\t\t\t<div class=\"elementor-widget-container\">\n\t\t\t\t\t\t\t\t\tIl vous suffit de fournir vos coordonn\u00e9es et un code unique vous sera envoy\u00e9, que vous pourrez \u00e9changer contre un laissez-passer gratuit pour cet \u00e9v\u00e9nement exceptionnel. Ne manquez pas cette occasion de d\u00e9couvrir tout ce que Salon Connexion peut vous offrir.\t\t\t\t\t\t\t\t<\/div>\n\t\t\t\t<\/div>\n\t\t\t\t<div class=\"elementor-element elementor-element-7903282 elementor-tablet-align-center elementor-icon-list--layout-traditional elementor-list-item-link-full_width elementor-widget elementor-widget-icon-list\" data-id=\"7903282\" data-element_type=\"widget\" data-e-type=\"widget\" data-widget_type=\"icon-list.default\">\n\t\t\t\t<div class=\"elementor-widget-container\">\n\t\t\t\t\t\t\t<ul class=\"elementor-icon-list-items\">\n\t\t\t\t\t\t\t<li class=\"elementor-icon-list-item\">\n\t\t\t\t\t\t\t\t\t\t\t<span class=\"elementor-icon-list-icon\">\n\t\t\t\t\t\t\t<svg aria-hidden=\"true\" class=\"e-font-icon-svg e-fas-circle\" viewBox=\"0 0 512 512\" xmlns=\"http:\/\/www.w3.org\/2000\/svg\"><path d=\"M256 8C119 8 8 119 8 256s111 248 248 248 248-111 248-248S393 8 256 8z\"><\/path><\/svg>\t\t\t\t\t\t<\/span>\n\t\t\t\t\t\t\t\t\t\t<span class=\"elementor-icon-list-text\">Acc\u00e8s \u00e0 toutes les conf\u00e9rences de la journ\u00e9e<\/span>\n\t\t\t\t\t\t\t\t\t<\/li>\n\t\t\t\t\t\t\t\t<li class=\"elementor-icon-list-item\">\n\t\t\t\t\t\t\t\t\t\t\t<span class=\"elementor-icon-list-icon\">\n\t\t\t\t\t\t\t<svg aria-hidden=\"true\" class=\"e-font-icon-svg e-fas-circle\" viewBox=\"0 0 512 512\" xmlns=\"http:\/\/www.w3.org\/2000\/svg\"><path d=\"M256 8C119 8 8 119 8 256s111 248 248 248 248-111 248-248S393 8 256 8z\"><\/path><\/svg>\t\t\t\t\t\t<\/span>\n\t\t\t\t\t\t\t\t\t\t<span class=\"elementor-icon-list-text\">Acc\u00e8s \u00e0 tous les exposants<\/span>\n\t\t\t\t\t\t\t\t\t<\/li>\n\t\t\t\t\t\t\t\t<li class=\"elementor-icon-list-item\">\n\t\t\t\t\t\t\t\t\t\t\t<span class=\"elementor-icon-list-icon\">\n\t\t\t\t\t\t\t<svg aria-hidden=\"true\" class=\"e-font-icon-svg e-fas-circle\" viewBox=\"0 0 512 512\" xmlns=\"http:\/\/www.w3.org\/2000\/svg\"><path d=\"M256 8C119 8 8 119 8 256s111 248 248 248 248-111 248-248S393 8 256 8z\"><\/path><\/svg>\t\t\t\t\t\t<\/span>\n\t\t\t\t\t\t\t\t\t\t<span class=\"elementor-icon-list-text\">Activit\u00e9s collaboratives<\/span>\n\t\t\t\t\t\t\t\t\t<\/li>\n\t\t\t\t\t\t\t\t<li class=\"elementor-icon-list-item\">\n\t\t\t\t\t\t\t\t\t\t\t<span class=\"elementor-icon-list-icon\">\n\t\t\t\t\t\t\t<svg aria-hidden=\"true\" class=\"e-font-icon-svg e-fas-circle\" viewBox=\"0 0 512 512\" xmlns=\"http:\/\/www.w3.org\/2000\/svg\"><path d=\"M256 8C119 8 8 119 8 256s111 248 248 248 248-111 248-248S393 8 256 8z\"><\/path><\/svg>\t\t\t\t\t\t<\/span>\n\t\t\t\t\t\t\t\t\t\t<span class=\"elementor-icon-list-text\">R\u00e9seautage avec les experts et entre pairs<\/span>\n\t\t\t\t\t\t\t\t\t<\/li>\n\t\t\t\t\t\t<\/ul>\n\t\t\t\t\t\t<\/div>\n\t\t\t\t<\/div>\n\t\t\t\t\t<\/div>\n\t\t<\/div>\n\t\t\t\t<div class=\"elementor-column elementor-col-50 elementor-inner-column elementor-element elementor-element-2d97bbc\" data-id=\"2d97bbc\" data-element_type=\"column\" data-e-type=\"column\">\n\t\t\t<div class=\"elementor-widget-wrap elementor-element-populated\">\n\t\t\t\t\t\t<div class=\"elementor-element elementor-element-9675b6a elementor-widget elementor-widget-html\" data-id=\"9675b6a\" data-element_type=\"widget\" data-e-type=\"widget\" data-widget_type=\"html.default\">\n\t\t\t\t<div class=\"elementor-widget-container\">\n\t\t\t\t\t<div class=\"klaviyo-form-TRH5gZ\"><\/div>\t\t\t\t<\/div>\n\t\t\t\t<\/div>\n\t\t\t\t\t<\/div>\n\t\t<\/div>\n\t\t\t\t\t<\/div>\n\t\t<\/section>\n\t\t\t\t\t<\/div>\n\t\t<\/div>\n\t\t\t\t\t<\/div>\n\t\t<\/section>\n\t\t\t\t<\/div>\n\t\t","protected":false},"excerpt":{"rendered":"<p>Days Hours Minutes Seconds Days Hours Minutes Seconds REJOIGNEZ-NOUS \u00c0 CONNEXION 2024 &nbsp; 9 mai 2024 &nbsp; Palais de Congr\u00e8s de Montr\u00e9al Nous offrons des laissez-passer gratuits pour le Salon Connexion pour une dur\u00e9e limit\u00e9e ! Il vous suffit de fournir vos coordonn\u00e9es et un code unique vous sera envoy\u00e9, que vous pourrez \u00e9changer contre [&hellip;]<\/p>\n","protected":false},"author":1,"featured_media":0,"parent":0,"menu_order":0,"comment_status":"closed","ping_status":"closed","template":"","meta":{"inline_featured_image":false,"footnotes":""},"class_list":["post-10590","page","type-page","status-publish","hentry"],"acf":[],"yoast_head":"<!-- This site is optimized with the Yoast SEO plugin v27.0 - https:\/\/yoast.com\/product\/yoast-seo-wordpress\/ -->\n<title>Connexion 2024 | KPI Digital<\/title>\n<meta name=\"description\" content=\"Rejoignez-nous \u00e0 Connexion 2024 pour r\u00e9seauter avec des leaders de l&#039;industrie, obtenir des informations et d\u00e9couvrir des solutions innovantes. Ne manquez pas cette opportunit\u00e9 de d\u00e9velopper votre entreprise !\" \/>\n<meta name=\"robots\" content=\"index, follow, max-snippet:-1, max-image-preview:large, max-video-preview:-1\" \/>\n<link rel=\"canonical\" href=\"https:\/\/kpidigital.com\/fr\/connexion-2024\/\" \/>\n<meta property=\"og:locale\" content=\"fr_FR\" \/>\n<meta property=\"og:type\" content=\"article\" \/>\n<meta property=\"og:title\" content=\"Connexion 2024 | KPI Digital\" \/>\n<meta property=\"og:description\" content=\"Rejoignez-nous \u00e0 Connexion 2024 pour r\u00e9seauter avec des leaders de l&#039;industrie, obtenir des informations et d\u00e9couvrir des solutions innovantes. Ne manquez pas cette opportunit\u00e9 de d\u00e9velopper votre entreprise !\" \/>\n<meta property=\"og:url\" content=\"https:\/\/kpidigital.com\/fr\/connexion-2024\/\" \/>\n<meta property=\"og:site_name\" content=\"KPI Digital\" \/>\n<meta property=\"article:publisher\" content=\"https:\/\/www.facebook.com\/KPIDigitalSolutions\/\" \/>\n<meta property=\"article:modified_time\" content=\"2024-11-26T09:42:35+00:00\" \/>\n<meta property=\"og:image\" content=\"https:\/\/kpidigital.com\/wp-content\/uploads\/2024\/09\/KPI-Digital-Solutions.jpg\" \/>\n\t<meta property=\"og:image:width\" content=\"200\" \/>\n\t<meta property=\"og:image:height\" content=\"200\" \/>\n\t<meta property=\"og:image:type\" content=\"image\/jpeg\" \/>\n<meta name=\"twitter:card\" content=\"summary_large_image\" \/>\n<meta name=\"twitter:label1\" content=\"Dur\u00e9e de lecture estim\u00e9e\" \/>\n\t<meta name=\"twitter:data1\" content=\"1 minute\" \/>\n<script type=\"application\/ld+json\" class=\"yoast-schema-graph\">{\"@context\":\"https:\/\/schema.org\",\"@graph\":[{\"@type\":\"WebPage\",\"@id\":\"https:\/\/kpidigital.com\/fr\/connexion-2024\/\",\"url\":\"https:\/\/kpidigital.com\/fr\/connexion-2024\/\",\"name\":\"Connexion 2024 | KPI Digital\",\"isPartOf\":{\"@id\":\"https:\/\/kpidigital.com\/fr\/#website\"},\"datePublished\":\"2024-03-29T11:08:13+00:00\",\"dateModified\":\"2024-11-26T09:42:35+00:00\",\"description\":\"Rejoignez-nous \u00e0 Connexion 2024 pour r\u00e9seauter avec des leaders de l'industrie, obtenir des informations et d\u00e9couvrir des solutions innovantes. Ne manquez pas cette opportunit\u00e9 de d\u00e9velopper votre entreprise !\",\"breadcrumb\":{\"@id\":\"https:\/\/kpidigital.com\/fr\/connexion-2024\/#breadcrumb\"},\"inLanguage\":\"fr-FR\",\"potentialAction\":[{\"@type\":\"ReadAction\",\"target\":[\"https:\/\/kpidigital.com\/fr\/connexion-2024\/\"]}]},{\"@type\":\"BreadcrumbList\",\"@id\":\"https:\/\/kpidigital.com\/fr\/connexion-2024\/#breadcrumb\",\"itemListElement\":[{\"@type\":\"ListItem\",\"position\":1,\"name\":\"Home\",\"item\":\"https:\/\/kpidigital.com\/fr\/\"},{\"@type\":\"ListItem\",\"position\":2,\"name\":\"Connexion 2024\"}]},{\"@type\":\"WebSite\",\"@id\":\"https:\/\/kpidigital.com\/fr\/#website\",\"url\":\"https:\/\/kpidigital.com\/fr\/\",\"name\":\"KPI Digital\",\"description\":\"Analytics &amp; AI |Digital Transformation| Performance Management| KPI Digital\",\"publisher\":{\"@id\":\"https:\/\/kpidigital.com\/fr\/#organization\"},\"potentialAction\":[{\"@type\":\"SearchAction\",\"target\":{\"@type\":\"EntryPoint\",\"urlTemplate\":\"https:\/\/kpidigital.com\/fr\/?s={search_term_string}\"},\"query-input\":{\"@type\":\"PropertyValueSpecification\",\"valueRequired\":true,\"valueName\":\"search_term_string\"}}],\"inLanguage\":\"fr-FR\"},{\"@type\":\"Organization\",\"@id\":\"https:\/\/kpidigital.com\/fr\/#organization\",\"name\":\"KPI Digital\",\"url\":\"https:\/\/kpidigital.com\/fr\/\",\"logo\":{\"@type\":\"ImageObject\",\"inLanguage\":\"fr-FR\",\"@id\":\"https:\/\/kpidigital.com\/fr\/#\/schema\/logo\/image\/\",\"url\":\"https:\/\/kpidigital.com\/wp-content\/uploads\/2023\/01\/KPIDigital-Favicon.svg\",\"contentUrl\":\"https:\/\/kpidigital.com\/wp-content\/uploads\/2023\/01\/KPIDigital-Favicon.svg\",\"width\":100,\"height\":100,\"caption\":\"KPI Digital\"},\"image\":{\"@id\":\"https:\/\/kpidigital.com\/fr\/#\/schema\/logo\/image\/\"},\"sameAs\":[\"https:\/\/www.facebook.com\/KPIDigitalSolutions\/\",\"https:\/\/www.linkedin.com\/company\/11162106\/admin\/\",\"https:\/\/www.instagram.com\/kpidigitalsolutions\/\",\"https:\/\/www.youtube.com\/channel\/UCAql8EIq1cYg0T_eWzz_qlg\"]}]}<\/script>\n<!-- \/ Yoast SEO plugin. -->","yoast_head_json":{"title":"Connexion 2024 | KPI Digital","description":"Rejoignez-nous \u00e0 Connexion 2024 pour r\u00e9seauter avec des leaders de l'industrie, obtenir des informations et d\u00e9couvrir des solutions innovantes. Ne manquez pas cette opportunit\u00e9 de d\u00e9velopper votre entreprise !","robots":{"index":"index","follow":"follow","max-snippet":"max-snippet:-1","max-image-preview":"max-image-preview:large","max-video-preview":"max-video-preview:-1"},"canonical":"https:\/\/kpidigital.com\/fr\/connexion-2024\/","og_locale":"fr_FR","og_type":"article","og_title":"Connexion 2024 | KPI Digital","og_description":"Rejoignez-nous \u00e0 Connexion 2024 pour r\u00e9seauter avec des leaders de l'industrie, obtenir des informations et d\u00e9couvrir des solutions innovantes. Ne manquez pas cette opportunit\u00e9 de d\u00e9velopper votre entreprise !","og_url":"https:\/\/kpidigital.com\/fr\/connexion-2024\/","og_site_name":"KPI Digital","article_publisher":"https:\/\/www.facebook.com\/KPIDigitalSolutions\/","article_modified_time":"2024-11-26T09:42:35+00:00","og_image":[{"width":200,"height":200,"url":"https:\/\/kpidigital.com\/wp-content\/uploads\/2024\/09\/KPI-Digital-Solutions.jpg","type":"image\/jpeg"}],"twitter_card":"summary_large_image","twitter_misc":{"Dur\u00e9e de lecture estim\u00e9e":"1 minute"},"schema":{"@context":"https:\/\/schema.org","@graph":[{"@type":"WebPage","@id":"https:\/\/kpidigital.com\/fr\/connexion-2024\/","url":"https:\/\/kpidigital.com\/fr\/connexion-2024\/","name":"Connexion 2024 | KPI Digital","isPartOf":{"@id":"https:\/\/kpidigital.com\/fr\/#website"},"datePublished":"2024-03-29T11:08:13+00:00","dateModified":"2024-11-26T09:42:35+00:00","description":"Rejoignez-nous \u00e0 Connexion 2024 pour r\u00e9seauter avec des leaders de l'industrie, obtenir des informations et d\u00e9couvrir des solutions innovantes. Ne manquez pas cette opportunit\u00e9 de d\u00e9velopper votre entreprise !","breadcrumb":{"@id":"https:\/\/kpidigital.com\/fr\/connexion-2024\/#breadcrumb"},"inLanguage":"fr-FR","potentialAction":[{"@type":"ReadAction","target":["https:\/\/kpidigital.com\/fr\/connexion-2024\/"]}]},{"@type":"BreadcrumbList","@id":"https:\/\/kpidigital.com\/fr\/connexion-2024\/#breadcrumb","itemListElement":[{"@type":"ListItem","position":1,"name":"Home","item":"https:\/\/kpidigital.com\/fr\/"},{"@type":"ListItem","position":2,"name":"Connexion 2024"}]},{"@type":"WebSite","@id":"https:\/\/kpidigital.com\/fr\/#website","url":"https:\/\/kpidigital.com\/fr\/","name":"KPI Digital","description":"Analytics &amp; AI |Digital Transformation| Performance Management| KPI Digital","publisher":{"@id":"https:\/\/kpidigital.com\/fr\/#organization"},"potentialAction":[{"@type":"SearchAction","target":{"@type":"EntryPoint","urlTemplate":"https:\/\/kpidigital.com\/fr\/?s={search_term_string}"},"query-input":{"@type":"PropertyValueSpecification","valueRequired":true,"valueName":"search_term_string"}}],"inLanguage":"fr-FR"},{"@type":"Organization","@id":"https:\/\/kpidigital.com\/fr\/#organization","name":"KPI Digital","url":"https:\/\/kpidigital.com\/fr\/","logo":{"@type":"ImageObject","inLanguage":"fr-FR","@id":"https:\/\/kpidigital.com\/fr\/#\/schema\/logo\/image\/","url":"https:\/\/kpidigital.com\/wp-content\/uploads\/2023\/01\/KPIDigital-Favicon.svg","contentUrl":"https:\/\/kpidigital.com\/wp-content\/uploads\/2023\/01\/KPIDigital-Favicon.svg","width":100,"height":100,"caption":"KPI Digital"},"image":{"@id":"https:\/\/kpidigital.com\/fr\/#\/schema\/logo\/image\/"},"sameAs":["https:\/\/www.facebook.com\/KPIDigitalSolutions\/","https:\/\/www.linkedin.com\/company\/11162106\/admin\/","https:\/\/www.instagram.com\/kpidigitalsolutions\/","https:\/\/www.youtube.com\/channel\/UCAql8EIq1cYg0T_eWzz_qlg"]}]}},"_links":{"self":[{"href":"https:\/\/kpidigital.com\/fr\/wp-json\/wp\/v2\/pages\/10590","targetHints":{"allow":["GET"]}}],"collection":[{"href":"https:\/\/kpidigital.com\/fr\/wp-json\/wp\/v2\/pages"}],"about":[{"href":"https:\/\/kpidigital.com\/fr\/wp-json\/wp\/v2\/types\/page"}],"author":[{"embeddable":true,"href":"https:\/\/kpidigital.com\/fr\/wp-json\/wp\/v2\/users\/1"}],"replies":[{"embeddable":true,"href":"https:\/\/kpidigital.com\/fr\/wp-json\/wp\/v2\/comments?post=10590"}],"version-history":[{"count":0,"href":"https:\/\/kpidigital.com\/fr\/wp-json\/wp\/v2\/pages\/10590\/revisions"}],"wp:attachment":[{"href":"https:\/\/kpidigital.com\/fr\/wp-json\/wp\/v2\/media?parent=10590"}],"curies":[{"name":"wp","href":"https:\/\/api.w.org\/{rel}","templated":true}]}}